{"id":331,"date":"2016-08-03T14:17:21","date_gmt":"2016-08-03T12:17:21","guid":{"rendered":"http:\/\/www.happysound.at\/?page_id=331"},"modified":"2017-12-05T10:18:58","modified_gmt":"2017-12-05T09:18:58","slug":"dj-charly","status":"publish","type":"page","link":"https:\/\/www.happysound.at\/?page_id=331","title":{"rendered":"DJ Charly"},"content":{"rendered":"<div id=\"pl-331\"  class=\"panel-layout\" ><div id=\"pg-331-0\"  class=\"panel-grid panel-no-style\" ><div id=\"pgc-331-0-0\"  class=\"panel-grid-cell panel-grid-cell-empty\" ><\/div><\/div><div id=\"pg-331-1\"  class=\"panel-grid panel-no-style\" ><div id=\"pgc-331-1-0\"  class=\"panel-grid-cell\" ><div id=\"panel-331-1-0-0\" class=\"so-panel widget widget_text panel-first-child panel-last-child\" data-index=\"0\" >\t\t\t<div class=\"textwidget\"><p><a href=\"https:\/\/www.happysound.at\/wp-content\/uploads\/Karl-Zotter-Foto1.jpg\"><img loading=\"lazy\" decoding=\"async\" src=\"https:\/\/www.happysound.at\/wp-content\/uploads\/Karl-Zotter-Foto1-228x300.jpg\" alt=\"Karl Zotter Foto1\" width=\"228\" height=\"300\" class=\"alignnone size-medium wp-image-307\" srcset=\"https:\/\/www.happysound.at\/wp-content\/uploads\/Karl-Zotter-Foto1-228x300.jpg 228w, https:\/\/www.happysound.at\/wp-content\/uploads\/Karl-Zotter-Foto1-457x600.jpg 457w, https:\/\/www.happysound.at\/wp-content\/uploads\/Karl-Zotter-Foto1-122x160.jpg 122w, https:\/\/www.happysound.at\/wp-content\/uploads\/Karl-Zotter-Foto1.jpg 731w\" sizes=\"auto, (max-width: 228px) 100vw, 228px\" \/><\/a><\/p>\n<\/div>\n\t\t<\/div><\/div><div id=\"pgc-331-1-1\"  class=\"panel-grid-cell\" ><div id=\"panel-331-1-1-0\" class=\"so-panel widget widget_text panel-first-child panel-last-child\" data-index=\"1\" ><div class=\"panel-widget-style panel-widget-style-for-331-1-1-0\" >\t\t\t<div class=\"textwidget\"><h5>Unser Karl Zotter alias DJ Charly ist wohl einer der beliebtesten Partyg\u00e4ste unseres Landes.<br \/>\nEgal ob Alt oder Jung, von Hochzeit bis zu 50s-Style-Party, f\u00fcr jeden Event hat er die richtigen Hits parat.<br \/>\n Seit \u00fcber 30 Jahre ist er nun im Gesch\u00e4ft und noch l\u00e4nger schon pflegt er eine intensive Leidenschaft zur Musik.<\/h5>\n<\/div>\n\t\t<\/div><\/div><\/div><\/div><div id=\"pg-331-2\"  class=\"panel-grid panel-no-style\" ><div id=\"pgc-331-2-0\"  class=\"panel-grid-cell panel-grid-cell-empty\" ><\/div><\/div><div id=\"pg-331-3\"  class=\"panel-grid panel-no-style\" ><div id=\"pgc-331-3-0\"  class=\"panel-grid-cell\" ><div id=\"panel-331-3-0-0\" class=\"so-panel widget widget_text panel-first-child panel-last-child\" data-index=\"2\" ><div class=\"panel-widget-style panel-widget-style-for-331-3-0-0\" >\t\t\t<div class=\"textwidget\"><h2><b>Hochzeiten<\/b><\/h2>\n<p><\/br><\/p>\n<h5>Immer mehr Brautpaare vertrauen bei der musikalischen Untermalung auf DJs.<br \/>\n Wenn man nicht an ein Instrument gebunden ist, steht einem musikalisch nichts im Weg.<br \/>\nVon Swing der 20er-30er \u00fcber die Rocker der 90er bis hin zu den Hits von heute, in meinen Playlists findet sich so ziemlich alles.<br \/>\n Durch meine langj\u00e4hrige Erfahrung kann ich f\u00fcr beste Tonqualit\u00e4t in den Hochzeitslocations der Umgebung garantieren.<br \/>\nDamit auch alles genau nach Ihren Vorstellungen abl\u00e4uft, werden alle Musikw\u00fcnsche und Programmabl\u00e4ufe abgekl\u00e4rt. <\/h5>\n<\/div>\n\t\t<\/div><\/div><\/div><div id=\"pgc-331-3-1\"  class=\"panel-grid-cell\" ><div id=\"panel-331-3-1-0\" class=\"so-panel widget widget_text panel-first-child panel-last-child\" data-index=\"3\" ><div class=\"panel-widget-style panel-widget-style-for-331-3-1-0\" >\t\t\t<div class=\"textwidget\"><h2><b>Privatpartys<\/b><\/h2>\n<p><\/br><\/p>\n<h5>Firmenfeiern, Geburtstage, Kinderfasching usw., etwas zu finden wo ich noch nicht aufgelegt habe wird schwer.<br \/>\nDas passende Equipment haben wir bestimmt und die f\u00fcr die richtige Stimmung sorge ich.<\/h5>\n<\/div>\n\t\t<\/div><\/div><\/div><\/div><\/div>","protected":false},"excerpt":{"rendered":"<p>Unser Karl Zotter alias DJ Charly ist wohl einer der beliebtesten Partyg\u00e4ste unseres Landes. Egal ob Alt oder Jung, von Hochzeit bis zu 50s-Style-Party, f\u00fcr jeden Event hat er die richtigen Hits parat. Seit \u00fcber 30 Jahre ist er nun im Gesch\u00e4ft und noch l\u00e4nger schon pflegt er eine intensive Leidenschaft zur Musik.<\/p>\n","protected":false},"author":1,"featured_media":0,"parent":0,"menu_order":0,"comment_status":"closed","ping_status":"closed","template":"","meta":{"footnotes":""},"class_list":["post-331","page","type-page","status-publish","hentry"],"_links":{"self":[{"href":"https:\/\/www.happysound.at\/index.php?rest_route=\/wp\/v2\/pages\/331","targetHints":{"allow":["GET"]}}],"collection":[{"href":"https:\/\/www.happysound.at\/index.php?rest_route=\/wp\/v2\/pages"}],"about":[{"href":"https:\/\/www.happysound.at\/index.php?rest_route=\/wp\/v2\/types\/page"}],"author":[{"embeddable":true,"href":"https:\/\/www.happysound.at\/index.php?rest_route=\/wp\/v2\/users\/1"}],"replies":[{"embeddable":true,"href":"https:\/\/www.happysound.at\/index.php?rest_route=%2Fwp%2Fv2%2Fcomments&post=331"}],"version-history":[{"count":11,"href":"https:\/\/www.happysound.at\/index.php?rest_route=\/wp\/v2\/pages\/331\/revisions"}],"predecessor-version":[{"id":665,"href":"https:\/\/www.happysound.at\/index.php?rest_route=\/wp\/v2\/pages\/331\/revisions\/665"}],"wp:attachment":[{"href":"https:\/\/www.happysound.at\/index.php?rest_route=%2Fwp%2Fv2%2Fmedia&parent=331"}],"curies":[{"name":"wp","href":"https:\/\/api.w.org\/{rel}","templated":true}]}}