{"id":383,"date":"2016-08-10T10:06:21","date_gmt":"2016-08-10T08:06:21","guid":{"rendered":"http:\/\/www.happysound.at\/?page_id=383"},"modified":"2016-08-10T10:06:21","modified_gmt":"2016-08-10T08:06:21","slug":"impressum","status":"publish","type":"page","link":"https:\/\/www.happysound.at\/?page_id=383","title":{"rendered":"Impressum"},"content":{"rendered":"<p>Karl Zotter Happy Sound<br \/>\nKarl Zotter<br \/>\nFeldkirchnerstrasse 149<br \/>\n8055 Seiersberg<br \/>\nATU 29050406<\/p>\n<p>office@happysound.at<br \/>\n0664 3072379<\/p>\n<p>Es wird keinerlei Haftung f\u00fcr Korrektheit, Vollst\u00e4ndigkeit oder Qualit\u00e4t der Homepage \u00fcbernommen. S\u00e4mtliche Inhalte der Homepage k\u00f6nnen ohne Vorank\u00fcndigung hinzugef\u00fcgt oder entfernt werden.<\/p>\n<p>Der Autor \u00fcbernimmt keinerlei Haftung f\u00fcr Inhalte auf anderen Webseiten oder Hyperlinks, die auf der Homepage zu finden sind. Zum Zeitpunkt der Ver\u00f6ffentlichung der Links auf dieser Homepage, wurden alle Links auf deren Inhalt genauestens gepr\u00fcft.<\/p>\n<p>Sofern innerhalb des Internetangebotes die M\u00f6glichkeit zur Eingabe pers\u00f6nlicher oder gesch\u00e4ftlicher Daten (Emailadressen, Namen, Anschriften) besteht, so erfolgt die Preisgabe dieser Daten seitens des Nutzers auf ausdr\u00fccklich freiwilliger Basis.<\/p>\n<p>Dieser Haftungsausschluss ist als Teil des Internetangebotes zu betrachten, von dem aus auf diese Seite verwiesen wurde.<br \/>\nAlle Inhalte dieser Homepage unterliegen dem Schutz des Urheberrechts und d\u00fcrfen weder kopiert, verbreitet oder sonst irgendwie verwendet werden.<\/p>\n<p>F\u00fcr Sch\u00e4den, die sich aus der Ben\u00fctzung dieser Seite ergeben, wird nicht gehaftet!<\/p>\n","protected":false},"excerpt":{"rendered":"<p>Karl Zotter Happy Sound Karl Zotter Feldkirchnerstrasse 149 8055 Seiersberg ATU 29050406 office@happysound.at 0664 3072379 Es wird keinerlei Haftung f\u00fcr Korrektheit, Vollst\u00e4ndigkeit oder Qualit\u00e4t der Homepage \u00fcbernommen. S\u00e4mtliche Inhalte der Homepage k\u00f6nnen ohne Vorank\u00fcndigung hinzugef\u00fcgt oder entfernt werden. Der Autor \u00fcbernimmt keinerlei Haftung f\u00fcr Inhalte auf anderen Webseiten oder Hyperlinks, die auf der Homepage zu [&hellip;]<\/p>\n","protected":false},"author":1,"featured_media":0,"parent":0,"menu_order":0,"comment_status":"closed","ping_status":"closed","template":"","meta":{"footnotes":""},"class_list":["post-383","page","type-page","status-publish","hentry"],"_links":{"self":[{"href":"https:\/\/www.happysound.at\/index.php?rest_route=\/wp\/v2\/pages\/383","targetHints":{"allow":["GET"]}}],"collection":[{"href":"https:\/\/www.happysound.at\/index.php?rest_route=\/wp\/v2\/pages"}],"about":[{"href":"https:\/\/www.happysound.at\/index.php?rest_route=\/wp\/v2\/types\/page"}],"author":[{"embeddable":true,"href":"https:\/\/www.happysound.at\/index.php?rest_route=\/wp\/v2\/users\/1"}],"replies":[{"embeddable":true,"href":"https:\/\/www.happysound.at\/index.php?rest_route=%2Fwp%2Fv2%2Fcomments&post=383"}],"version-history":[{"count":1,"href":"https:\/\/www.happysound.at\/index.php?rest_route=\/wp\/v2\/pages\/383\/revisions"}],"predecessor-version":[{"id":384,"href":"https:\/\/www.happysound.at\/index.php?rest_route=\/wp\/v2\/pages\/383\/revisions\/384"}],"wp:attachment":[{"href":"https:\/\/www.happysound.at\/index.php?rest_route=%2Fwp%2Fv2%2Fmedia&parent=383"}],"curies":[{"name":"wp","href":"https:\/\/api.w.org\/{rel}","templated":true}]}}